{"id":154,"date":"2023-05-17T15:10:55","date_gmt":"2023-05-17T15:10:55","guid":{"rendered":"https:\/\/novotel-trabzon.accorv2prod.decms.eu\/?page_id=154"},"modified":"2023-05-23T07:35:51","modified_gmt":"2023-05-23T07:35:51","slug":"konaklama","status":"publish","type":"page","link":"https:\/\/www.novoteltrabzon.com\/tr\/konaklama\/","title":{"rendered":"Konaklama"},"content":{"rendered":"<p>Geni\u015f, modern tasar\u0131ml\u0131 ve uyarlanabilir Novotel odas\u0131, konaklamalar\u0131n\u0131z i\u00e7in e\u015fsiz bir deneyim sunuyor. T\u00fcm ihtiya\u00e7lar\u0131n\u0131z i\u00e7in birebir.Novotel Trabzon, geni\u015f ve modern odalar\u0131 ile siz de\u011ferli misafirlerimizi a\u011f\u0131rlamaktad\u0131r. Otel odalar\u0131, e\u015fsiz Karadeniz ve yemye\u015fil bah\u00e7e manzaras\u0131 ile size unutulmaz bir deneyim sunuyor.<\/p>\n","protected":false},"excerpt":{"rendered":"<p>Geni\u015f, modern tasar\u0131ml\u0131 ve uyarlanabilir Novotel odas\u0131, konaklamalar\u0131n\u0131z i\u00e7in e\u015fsiz bir deneyim sunuyor. T\u00fcm ihtiya\u00e7lar\u0131n\u0131z i\u00e7in birebir.Novotel Trabzon, geni\u015f ve modern odalar\u0131 ile siz de\u011ferli misafirlerimizi a\u011f\u0131rlamaktad\u0131r. Otel odalar\u0131, e\u015fsiz Karadeniz ve yemye\u015fil bah\u00e7e manzaras\u0131 ile size unutulmaz bir deneyim sunuyor.<\/p>\n","protected":false},"author":29,"featured_media":0,"parent":0,"menu_order":10,"comment_status":"closed","ping_status":"closed","template":"template-rooms.php","meta":{"footnotes":""},"categories":[],"class_list":["post-154","page","type-page","status-publish","hentry"],"acf":[],"yoast_head":"<!-- This site is optimized with the Yoast SEO plugin v26.9 - https:\/\/yoast.com\/product\/yoast-seo-wordpress\/ -->\n<title>Odalar - Novotel Trabzon<\/title>\n<meta name=\"description\" content=\"\u015e\u0131k, konforlu ve deniz manzaral\u0131 odalar\u0131 ile Novotel Trabzon konaklama deneyiminizi unutulmaz k\u0131l\u0131yor ve size ayr\u0131cal\u0131klar sunuyor.\" \/>\n<meta name=\"robots\" content=\"index, follow, max-snippet:-1, max-image-preview:large, max-video-preview:-1\" \/>\n<link rel=\"canonical\" href=\"https:\/\/www.novoteltrabzon.com\/tr\/konaklama\/\" \/>\n<meta property=\"og:locale\" content=\"tr_TR\" \/>\n<meta property=\"og:type\" content=\"article\" \/>\n<meta property=\"og:title\" content=\"Odalar - Novotel Trabzon\" \/>\n<meta property=\"og:description\" content=\"\u015e\u0131k, konforlu ve deniz manzaral\u0131 odalar\u0131 ile Novotel Trabzon konaklama deneyiminizi unutulmaz k\u0131l\u0131yor ve size ayr\u0131cal\u0131klar sunuyor.\" \/>\n<meta property=\"og:url\" content=\"https:\/\/www.novoteltrabzon.com\/tr\/konaklama\/\" \/>\n<meta property=\"og:site_name\" content=\"Novotel Trabzon\" \/>\n<meta property=\"article:modified_time\" content=\"2023-05-23T07:35:51+00:00\" \/>\n<meta name=\"twitter:card\" content=\"summary_large_image\" \/>\n<meta name=\"twitter:label1\" content=\"Tahmini okuma s\u00fcresi\" \/>\n\t<meta name=\"twitter:data1\" content=\"1 dakika\" \/>\n<script type=\"application\/ld+json\" class=\"yoast-schema-graph\">{\"@context\":\"https:\/\/schema.org\",\"@graph\":[{\"@type\":\"WebPage\",\"@id\":\"https:\/\/www.novoteltrabzon.com\/tr\/konaklama\/\",\"url\":\"https:\/\/www.novoteltrabzon.com\/tr\/konaklama\/\",\"name\":\"Odalar - Novotel Trabzon\",\"isPartOf\":{\"@id\":\"https:\/\/www.novoteltrabzon.com\/tr\/#website\"},\"datePublished\":\"2023-05-17T15:10:55+00:00\",\"dateModified\":\"2023-05-23T07:35:51+00:00\",\"description\":\"\u015e\u0131k, konforlu ve deniz manzaral\u0131 odalar\u0131 ile Novotel Trabzon konaklama deneyiminizi unutulmaz k\u0131l\u0131yor ve size ayr\u0131cal\u0131klar sunuyor.\",\"breadcrumb\":{\"@id\":\"https:\/\/www.novoteltrabzon.com\/tr\/konaklama\/#breadcrumb\"},\"inLanguage\":\"tr\",\"potentialAction\":[{\"@type\":\"ReadAction\",\"target\":[\"https:\/\/www.novoteltrabzon.com\/tr\/konaklama\/\"]}]},{\"@type\":\"BreadcrumbList\",\"@id\":\"https:\/\/www.novoteltrabzon.com\/tr\/konaklama\/#breadcrumb\",\"itemListElement\":[{\"@type\":\"ListItem\",\"position\":1,\"name\":\"Home\",\"item\":\"https:\/\/www.novoteltrabzon.com\/tr\/\"},{\"@type\":\"ListItem\",\"position\":2,\"name\":\"Konaklama\"}]},{\"@type\":\"WebSite\",\"@id\":\"https:\/\/www.novoteltrabzon.com\/tr\/#website\",\"url\":\"https:\/\/www.novoteltrabzon.com\/tr\/\",\"name\":\"Novotel Trabzon\",\"description\":\"\",\"potentialAction\":[{\"@type\":\"SearchAction\",\"target\":{\"@type\":\"EntryPoint\",\"urlTemplate\":\"https:\/\/www.novoteltrabzon.com\/tr\/?s={search_term_string}\"},\"query-input\":{\"@type\":\"PropertyValueSpecification\",\"valueRequired\":true,\"valueName\":\"search_term_string\"}}],\"inLanguage\":\"tr\"}]}<\/script>\n<!-- \/ Yoast SEO plugin. -->","yoast_head_json":{"title":"Odalar - Novotel Trabzon","description":"\u015e\u0131k, konforlu ve deniz manzaral\u0131 odalar\u0131 ile Novotel Trabzon konaklama deneyiminizi unutulmaz k\u0131l\u0131yor ve size ayr\u0131cal\u0131klar sunuyor.","robots":{"index":"index","follow":"follow","max-snippet":"max-snippet:-1","max-image-preview":"max-image-preview:large","max-video-preview":"max-video-preview:-1"},"canonical":"https:\/\/www.novoteltrabzon.com\/tr\/konaklama\/","og_locale":"tr_TR","og_type":"article","og_title":"Odalar - Novotel Trabzon","og_description":"\u015e\u0131k, konforlu ve deniz manzaral\u0131 odalar\u0131 ile Novotel Trabzon konaklama deneyiminizi unutulmaz k\u0131l\u0131yor ve size ayr\u0131cal\u0131klar sunuyor.","og_url":"https:\/\/www.novoteltrabzon.com\/tr\/konaklama\/","og_site_name":"Novotel Trabzon","article_modified_time":"2023-05-23T07:35:51+00:00","twitter_card":"summary_large_image","twitter_misc":{"Tahmini okuma s\u00fcresi":"1 dakika"},"schema":{"@context":"https:\/\/schema.org","@graph":[{"@type":"WebPage","@id":"https:\/\/www.novoteltrabzon.com\/tr\/konaklama\/","url":"https:\/\/www.novoteltrabzon.com\/tr\/konaklama\/","name":"Odalar - Novotel Trabzon","isPartOf":{"@id":"https:\/\/www.novoteltrabzon.com\/tr\/#website"},"datePublished":"2023-05-17T15:10:55+00:00","dateModified":"2023-05-23T07:35:51+00:00","description":"\u015e\u0131k, konforlu ve deniz manzaral\u0131 odalar\u0131 ile Novotel Trabzon konaklama deneyiminizi unutulmaz k\u0131l\u0131yor ve size ayr\u0131cal\u0131klar sunuyor.","breadcrumb":{"@id":"https:\/\/www.novoteltrabzon.com\/tr\/konaklama\/#breadcrumb"},"inLanguage":"tr","potentialAction":[{"@type":"ReadAction","target":["https:\/\/www.novoteltrabzon.com\/tr\/konaklama\/"]}]},{"@type":"BreadcrumbList","@id":"https:\/\/www.novoteltrabzon.com\/tr\/konaklama\/#breadcrumb","itemListElement":[{"@type":"ListItem","position":1,"name":"Home","item":"https:\/\/www.novoteltrabzon.com\/tr\/"},{"@type":"ListItem","position":2,"name":"Konaklama"}]},{"@type":"WebSite","@id":"https:\/\/www.novoteltrabzon.com\/tr\/#website","url":"https:\/\/www.novoteltrabzon.com\/tr\/","name":"Novotel Trabzon","description":"","potentialAction":[{"@type":"SearchAction","target":{"@type":"EntryPoint","urlTemplate":"https:\/\/www.novoteltrabzon.com\/tr\/?s={search_term_string}"},"query-input":{"@type":"PropertyValueSpecification","valueRequired":true,"valueName":"search_term_string"}}],"inLanguage":"tr"}]}},"_links":{"self":[{"href":"https:\/\/www.novoteltrabzon.com\/tr\/wp-json\/wp\/v2\/pages\/154","targetHints":{"allow":["GET"]}}],"collection":[{"href":"https:\/\/www.novoteltrabzon.com\/tr\/wp-json\/wp\/v2\/pages"}],"about":[{"href":"https:\/\/www.novoteltrabzon.com\/tr\/wp-json\/wp\/v2\/types\/page"}],"author":[{"embeddable":true,"href":"https:\/\/www.novoteltrabzon.com\/tr\/wp-json\/wp\/v2\/users\/29"}],"replies":[{"embeddable":true,"href":"https:\/\/www.novoteltrabzon.com\/tr\/wp-json\/wp\/v2\/comments?post=154"}],"version-history":[{"count":0,"href":"https:\/\/www.novoteltrabzon.com\/tr\/wp-json\/wp\/v2\/pages\/154\/revisions"}],"wp:attachment":[{"href":"https:\/\/www.novoteltrabzon.com\/tr\/wp-json\/wp\/v2\/media?parent=154"}],"wp:term":[{"taxonomy":"category","embeddable":true,"href":"https:\/\/www.novoteltrabzon.com\/tr\/wp-json\/wp\/v2\/categories?post=154"}],"curies":[{"name":"wp","href":"https:\/\/api.w.org\/{rel}","templated":true}]}}