{"id":158,"date":"2023-05-19T12:37:40","date_gmt":"2023-05-19T12:37:40","guid":{"rendered":"https:\/\/novotel-trabzon.accorv2prod.decms.eu\/?page_id=158"},"modified":"2025-03-10T09:07:11","modified_gmt":"2025-03-10T09:07:11","slug":"suit","status":"publish","type":"page","link":"https:\/\/www.novoteltrabzon.com\/tr\/konaklama\/suit\/","title":{"rendered":"Suit Odalar"},"content":{"rendered":"<p>Modern dekorun ve ergonomik konforun keyfini \u00e7\u0131kar\u0131n: Krali\u00e7e yatak ve kanepe, en-suite banyo\/du\u015f, geni\u015f esnek \u00e7al\u0131\u015fma alan\u0131, LCD TV, \u00fccretsiz WiFi internet eri\u015fimi, sa\u00e7 kurutma makinesi, kasa, minibar, \u00e7ay\/kahve bulunan deniz manzaral\u0131 oda.<\/p>\n<p><a href=\"https:\/\/my.matterport.com\/show\/?m=SFJgpY2TpML\" target=\"_blank\" rel=\"noopener\">Novotel Trabzon\u2019un 3D sanal turu yay\u0131nda! Ke\u015ffetmek i\u00e7in linke t\u0131klay\u0131n.<\/a><\/p>\n","protected":false},"excerpt":{"rendered":"<p>Modern dekorun ve ergonomik konforun keyfini \u00e7\u0131kar\u0131n: Krali\u00e7e yatak ve kanepe, en-suite banyo\/du\u015f, geni\u015f esnek \u00e7al\u0131\u015fma alan\u0131, LCD TV, \u00fccretsiz WiFi internet eri\u015fimi, sa\u00e7 kurutma makinesi, kasa, minibar, \u00e7ay\/kahve bulunan deniz manzaral\u0131 oda. Novotel Trabzon\u2019un 3D sanal turu yay\u0131nda! Ke\u015ffetmek i\u00e7in linke t\u0131klay\u0131n.<\/p>\n","protected":false},"author":29,"featured_media":0,"parent":154,"menu_order":30,"comment_status":"closed","ping_status":"closed","template":"template-room.php","meta":{"footnotes":""},"categories":[18],"class_list":["post-158","page","type-page","status-publish","hentry","category-suit"],"acf":[],"yoast_head":"<!-- This site is optimized with the Yoast SEO plugin v26.9 - https:\/\/yoast.com\/product\/yoast-seo-wordpress\/ -->\n<title>S\u00fcit - Novotel Trabzon<\/title>\n<meta name=\"description\" content=\"Modern ve zarif mobilyalar\u0131 ile, deniz manzaral\u0131 s\u00fcitler. Novotel Trabzon&#039;da konforlu bir konaklaman\u0131n keyfini \u00e7\u0131kar\u0131n.\" \/>\n<meta name=\"robots\" content=\"index, follow, max-snippet:-1, max-image-preview:large, max-video-preview:-1\" \/>\n<link rel=\"canonical\" href=\"https:\/\/www.novoteltrabzon.com\/tr\/konaklama\/suit\/\" \/>\n<meta property=\"og:locale\" content=\"tr_TR\" \/>\n<meta property=\"og:type\" content=\"article\" \/>\n<meta property=\"og:title\" content=\"S\u00fcit - Novotel Trabzon\" \/>\n<meta property=\"og:description\" content=\"Modern ve zarif mobilyalar\u0131 ile, deniz manzaral\u0131 s\u00fcitler. Novotel Trabzon&#039;da konforlu bir konaklaman\u0131n keyfini \u00e7\u0131kar\u0131n.\" \/>\n<meta property=\"og:url\" content=\"https:\/\/www.novoteltrabzon.com\/tr\/konaklama\/suit\/\" \/>\n<meta property=\"og:site_name\" content=\"Novotel Trabzon\" \/>\n<meta property=\"article:modified_time\" content=\"2025-03-10T09:07:11+00:00\" \/>\n<meta name=\"twitter:card\" content=\"summary_large_image\" \/>\n<meta name=\"twitter:label1\" content=\"Tahmini okuma s\u00fcresi\" \/>\n\t<meta name=\"twitter:data1\" content=\"1 dakika\" \/>\n<script type=\"application\/ld+json\" class=\"yoast-schema-graph\">{\"@context\":\"https:\/\/schema.org\",\"@graph\":[{\"@type\":\"WebPage\",\"@id\":\"https:\/\/www.novoteltrabzon.com\/tr\/konaklama\/suit\/\",\"url\":\"https:\/\/www.novoteltrabzon.com\/tr\/konaklama\/suit\/\",\"name\":\"S\u00fcit - Novotel Trabzon\",\"isPartOf\":{\"@id\":\"https:\/\/www.novoteltrabzon.com\/tr\/#website\"},\"datePublished\":\"2023-05-19T12:37:40+00:00\",\"dateModified\":\"2025-03-10T09:07:11+00:00\",\"description\":\"Modern ve zarif mobilyalar\u0131 ile, deniz manzaral\u0131 s\u00fcitler. Novotel Trabzon'da konforlu bir konaklaman\u0131n keyfini \u00e7\u0131kar\u0131n.\",\"breadcrumb\":{\"@id\":\"https:\/\/www.novoteltrabzon.com\/tr\/konaklama\/suit\/#breadcrumb\"},\"inLanguage\":\"tr\",\"potentialAction\":[{\"@type\":\"ReadAction\",\"target\":[\"https:\/\/www.novoteltrabzon.com\/tr\/konaklama\/suit\/\"]}]},{\"@type\":\"BreadcrumbList\",\"@id\":\"https:\/\/www.novoteltrabzon.com\/tr\/konaklama\/suit\/#breadcrumb\",\"itemListElement\":[{\"@type\":\"ListItem\",\"position\":1,\"name\":\"Home\",\"item\":\"https:\/\/www.novoteltrabzon.com\/tr\/\"},{\"@type\":\"ListItem\",\"position\":2,\"name\":\"Konaklama\",\"item\":\"https:\/\/www.novoteltrabzon.com\/tr\/konaklama\/\"},{\"@type\":\"ListItem\",\"position\":3,\"name\":\"Suit Odalar\"}]},{\"@type\":\"WebSite\",\"@id\":\"https:\/\/www.novoteltrabzon.com\/tr\/#website\",\"url\":\"https:\/\/www.novoteltrabzon.com\/tr\/\",\"name\":\"Novotel Trabzon\",\"description\":\"\",\"potentialAction\":[{\"@type\":\"SearchAction\",\"target\":{\"@type\":\"EntryPoint\",\"urlTemplate\":\"https:\/\/www.novoteltrabzon.com\/tr\/?s={search_term_string}\"},\"query-input\":{\"@type\":\"PropertyValueSpecification\",\"valueRequired\":true,\"valueName\":\"search_term_string\"}}],\"inLanguage\":\"tr\"}]}<\/script>\n<!-- \/ Yoast SEO plugin. -->","yoast_head_json":{"title":"S\u00fcit - Novotel Trabzon","description":"Modern ve zarif mobilyalar\u0131 ile, deniz manzaral\u0131 s\u00fcitler. Novotel Trabzon'da konforlu bir konaklaman\u0131n keyfini \u00e7\u0131kar\u0131n.","robots":{"index":"index","follow":"follow","max-snippet":"max-snippet:-1","max-image-preview":"max-image-preview:large","max-video-preview":"max-video-preview:-1"},"canonical":"https:\/\/www.novoteltrabzon.com\/tr\/konaklama\/suit\/","og_locale":"tr_TR","og_type":"article","og_title":"S\u00fcit - Novotel Trabzon","og_description":"Modern ve zarif mobilyalar\u0131 ile, deniz manzaral\u0131 s\u00fcitler. Novotel Trabzon'da konforlu bir konaklaman\u0131n keyfini \u00e7\u0131kar\u0131n.","og_url":"https:\/\/www.novoteltrabzon.com\/tr\/konaklama\/suit\/","og_site_name":"Novotel Trabzon","article_modified_time":"2025-03-10T09:07:11+00:00","twitter_card":"summary_large_image","twitter_misc":{"Tahmini okuma s\u00fcresi":"1 dakika"},"schema":{"@context":"https:\/\/schema.org","@graph":[{"@type":"WebPage","@id":"https:\/\/www.novoteltrabzon.com\/tr\/konaklama\/suit\/","url":"https:\/\/www.novoteltrabzon.com\/tr\/konaklama\/suit\/","name":"S\u00fcit - Novotel Trabzon","isPartOf":{"@id":"https:\/\/www.novoteltrabzon.com\/tr\/#website"},"datePublished":"2023-05-19T12:37:40+00:00","dateModified":"2025-03-10T09:07:11+00:00","description":"Modern ve zarif mobilyalar\u0131 ile, deniz manzaral\u0131 s\u00fcitler. Novotel Trabzon'da konforlu bir konaklaman\u0131n keyfini \u00e7\u0131kar\u0131n.","breadcrumb":{"@id":"https:\/\/www.novoteltrabzon.com\/tr\/konaklama\/suit\/#breadcrumb"},"inLanguage":"tr","potentialAction":[{"@type":"ReadAction","target":["https:\/\/www.novoteltrabzon.com\/tr\/konaklama\/suit\/"]}]},{"@type":"BreadcrumbList","@id":"https:\/\/www.novoteltrabzon.com\/tr\/konaklama\/suit\/#breadcrumb","itemListElement":[{"@type":"ListItem","position":1,"name":"Home","item":"https:\/\/www.novoteltrabzon.com\/tr\/"},{"@type":"ListItem","position":2,"name":"Konaklama","item":"https:\/\/www.novoteltrabzon.com\/tr\/konaklama\/"},{"@type":"ListItem","position":3,"name":"Suit Odalar"}]},{"@type":"WebSite","@id":"https:\/\/www.novoteltrabzon.com\/tr\/#website","url":"https:\/\/www.novoteltrabzon.com\/tr\/","name":"Novotel Trabzon","description":"","potentialAction":[{"@type":"SearchAction","target":{"@type":"EntryPoint","urlTemplate":"https:\/\/www.novoteltrabzon.com\/tr\/?s={search_term_string}"},"query-input":{"@type":"PropertyValueSpecification","valueRequired":true,"valueName":"search_term_string"}}],"inLanguage":"tr"}]}},"_links":{"self":[{"href":"https:\/\/www.novoteltrabzon.com\/tr\/wp-json\/wp\/v2\/pages\/158","targetHints":{"allow":["GET"]}}],"collection":[{"href":"https:\/\/www.novoteltrabzon.com\/tr\/wp-json\/wp\/v2\/pages"}],"about":[{"href":"https:\/\/www.novoteltrabzon.com\/tr\/wp-json\/wp\/v2\/types\/page"}],"author":[{"embeddable":true,"href":"https:\/\/www.novoteltrabzon.com\/tr\/wp-json\/wp\/v2\/users\/29"}],"replies":[{"embeddable":true,"href":"https:\/\/www.novoteltrabzon.com\/tr\/wp-json\/wp\/v2\/comments?post=158"}],"version-history":[{"count":0,"href":"https:\/\/www.novoteltrabzon.com\/tr\/wp-json\/wp\/v2\/pages\/158\/revisions"}],"up":[{"embeddable":true,"href":"https:\/\/www.novoteltrabzon.com\/tr\/wp-json\/wp\/v2\/pages\/154"}],"wp:attachment":[{"href":"https:\/\/www.novoteltrabzon.com\/tr\/wp-json\/wp\/v2\/media?parent=158"}],"wp:term":[{"taxonomy":"category","embeddable":true,"href":"https:\/\/www.novoteltrabzon.com\/tr\/wp-json\/wp\/v2\/categories?post=158"}],"curies":[{"name":"wp","href":"https:\/\/api.w.org\/{rel}","templated":true}]}}