{"id":160,"date":"2023-05-22T08:53:09","date_gmt":"2023-05-22T08:53:09","guid":{"rendered":"https:\/\/novotel-trabzon.accorv2prod.decms.eu\/?page_id=160"},"modified":"2023-05-23T09:19:42","modified_gmt":"2023-05-23T09:19:42","slug":"ozel-teklifler","status":"publish","type":"page","link":"https:\/\/www.novoteltrabzon.com\/tr\/ozel-teklifler\/","title":{"rendered":"\u00d6zel Teklifler"},"content":{"rendered":"","protected":false},"excerpt":{"rendered":"","protected":false},"author":29,"featured_media":0,"parent":0,"menu_order":30,"comment_status":"closed","ping_status":"closed","template":"template-special-offers.php","meta":{"footnotes":""},"categories":[],"class_list":["post-160","page","type-page","status-publish","hentry"],"acf":[],"yoast_head":"<!-- This site is optimized with the Yoast SEO plugin v26.9 - https:\/\/yoast.com\/product\/yoast-seo-wordpress\/ -->\n<title>\u00d6zel Teklifler - Novotel Trabzon<\/title>\n<meta name=\"description\" content=\"ALL ve Novotel Trabzon&#039;un \u00f6zel f\u0131rsatlar\u0131ndan yararlanmay\u0131 unutmay\u0131n. Y\u0131l\u0131n her d\u00f6neminde bir\u00e7ok teklif sizlere sunulmaktad\u0131r.\" \/>\n<meta name=\"robots\" content=\"index, follow, max-snippet:-1, max-image-preview:large, max-video-preview:-1\" \/>\n<link rel=\"canonical\" href=\"https:\/\/www.novoteltrabzon.com\/tr\/ozel-teklifler\/\" \/>\n<meta property=\"og:locale\" content=\"tr_TR\" \/>\n<meta property=\"og:type\" content=\"article\" \/>\n<meta property=\"og:title\" content=\"\u00d6zel Teklifler - Novotel Trabzon\" \/>\n<meta property=\"og:description\" content=\"ALL ve Novotel Trabzon&#039;un \u00f6zel f\u0131rsatlar\u0131ndan yararlanmay\u0131 unutmay\u0131n. Y\u0131l\u0131n her d\u00f6neminde bir\u00e7ok teklif sizlere sunulmaktad\u0131r.\" \/>\n<meta property=\"og:url\" content=\"https:\/\/www.novoteltrabzon.com\/tr\/ozel-teklifler\/\" \/>\n<meta property=\"og:site_name\" content=\"Novotel Trabzon\" \/>\n<meta property=\"article:modified_time\" content=\"2023-05-23T09:19:42+00:00\" \/>\n<meta name=\"twitter:card\" content=\"summary_large_image\" \/>\n<script type=\"application\/ld+json\" class=\"yoast-schema-graph\">{\"@context\":\"https:\/\/schema.org\",\"@graph\":[{\"@type\":\"WebPage\",\"@id\":\"https:\/\/www.novoteltrabzon.com\/tr\/ozel-teklifler\/\",\"url\":\"https:\/\/www.novoteltrabzon.com\/tr\/ozel-teklifler\/\",\"name\":\"\u00d6zel Teklifler - Novotel Trabzon\",\"isPartOf\":{\"@id\":\"https:\/\/www.novoteltrabzon.com\/tr\/#website\"},\"datePublished\":\"2023-05-22T08:53:09+00:00\",\"dateModified\":\"2023-05-23T09:19:42+00:00\",\"description\":\"ALL ve Novotel Trabzon'un \u00f6zel f\u0131rsatlar\u0131ndan yararlanmay\u0131 unutmay\u0131n. Y\u0131l\u0131n her d\u00f6neminde bir\u00e7ok teklif sizlere sunulmaktad\u0131r.\",\"breadcrumb\":{\"@id\":\"https:\/\/www.novoteltrabzon.com\/tr\/ozel-teklifler\/#breadcrumb\"},\"inLanguage\":\"tr\",\"potentialAction\":[{\"@type\":\"ReadAction\",\"target\":[\"https:\/\/www.novoteltrabzon.com\/tr\/ozel-teklifler\/\"]}]},{\"@type\":\"BreadcrumbList\",\"@id\":\"https:\/\/www.novoteltrabzon.com\/tr\/ozel-teklifler\/#breadcrumb\",\"itemListElement\":[{\"@type\":\"ListItem\",\"position\":1,\"name\":\"Home\",\"item\":\"https:\/\/www.novoteltrabzon.com\/tr\/\"},{\"@type\":\"ListItem\",\"position\":2,\"name\":\"\u00d6zel Teklifler\"}]},{\"@type\":\"WebSite\",\"@id\":\"https:\/\/www.novoteltrabzon.com\/tr\/#website\",\"url\":\"https:\/\/www.novoteltrabzon.com\/tr\/\",\"name\":\"Novotel Trabzon\",\"description\":\"\",\"potentialAction\":[{\"@type\":\"SearchAction\",\"target\":{\"@type\":\"EntryPoint\",\"urlTemplate\":\"https:\/\/www.novoteltrabzon.com\/tr\/?s={search_term_string}\"},\"query-input\":{\"@type\":\"PropertyValueSpecification\",\"valueRequired\":true,\"valueName\":\"search_term_string\"}}],\"inLanguage\":\"tr\"}]}<\/script>\n<!-- \/ Yoast SEO plugin. -->","yoast_head_json":{"title":"\u00d6zel Teklifler - Novotel Trabzon","description":"ALL ve Novotel Trabzon'un \u00f6zel f\u0131rsatlar\u0131ndan yararlanmay\u0131 unutmay\u0131n. Y\u0131l\u0131n her d\u00f6neminde bir\u00e7ok teklif sizlere sunulmaktad\u0131r.","robots":{"index":"index","follow":"follow","max-snippet":"max-snippet:-1","max-image-preview":"max-image-preview:large","max-video-preview":"max-video-preview:-1"},"canonical":"https:\/\/www.novoteltrabzon.com\/tr\/ozel-teklifler\/","og_locale":"tr_TR","og_type":"article","og_title":"\u00d6zel Teklifler - Novotel Trabzon","og_description":"ALL ve Novotel Trabzon'un \u00f6zel f\u0131rsatlar\u0131ndan yararlanmay\u0131 unutmay\u0131n. Y\u0131l\u0131n her d\u00f6neminde bir\u00e7ok teklif sizlere sunulmaktad\u0131r.","og_url":"https:\/\/www.novoteltrabzon.com\/tr\/ozel-teklifler\/","og_site_name":"Novotel Trabzon","article_modified_time":"2023-05-23T09:19:42+00:00","twitter_card":"summary_large_image","schema":{"@context":"https:\/\/schema.org","@graph":[{"@type":"WebPage","@id":"https:\/\/www.novoteltrabzon.com\/tr\/ozel-teklifler\/","url":"https:\/\/www.novoteltrabzon.com\/tr\/ozel-teklifler\/","name":"\u00d6zel Teklifler - Novotel Trabzon","isPartOf":{"@id":"https:\/\/www.novoteltrabzon.com\/tr\/#website"},"datePublished":"2023-05-22T08:53:09+00:00","dateModified":"2023-05-23T09:19:42+00:00","description":"ALL ve Novotel Trabzon'un \u00f6zel f\u0131rsatlar\u0131ndan yararlanmay\u0131 unutmay\u0131n. Y\u0131l\u0131n her d\u00f6neminde bir\u00e7ok teklif sizlere sunulmaktad\u0131r.","breadcrumb":{"@id":"https:\/\/www.novoteltrabzon.com\/tr\/ozel-teklifler\/#breadcrumb"},"inLanguage":"tr","potentialAction":[{"@type":"ReadAction","target":["https:\/\/www.novoteltrabzon.com\/tr\/ozel-teklifler\/"]}]},{"@type":"BreadcrumbList","@id":"https:\/\/www.novoteltrabzon.com\/tr\/ozel-teklifler\/#breadcrumb","itemListElement":[{"@type":"ListItem","position":1,"name":"Home","item":"https:\/\/www.novoteltrabzon.com\/tr\/"},{"@type":"ListItem","position":2,"name":"\u00d6zel Teklifler"}]},{"@type":"WebSite","@id":"https:\/\/www.novoteltrabzon.com\/tr\/#website","url":"https:\/\/www.novoteltrabzon.com\/tr\/","name":"Novotel Trabzon","description":"","potentialAction":[{"@type":"SearchAction","target":{"@type":"EntryPoint","urlTemplate":"https:\/\/www.novoteltrabzon.com\/tr\/?s={search_term_string}"},"query-input":{"@type":"PropertyValueSpecification","valueRequired":true,"valueName":"search_term_string"}}],"inLanguage":"tr"}]}},"_links":{"self":[{"href":"https:\/\/www.novoteltrabzon.com\/tr\/wp-json\/wp\/v2\/pages\/160","targetHints":{"allow":["GET"]}}],"collection":[{"href":"https:\/\/www.novoteltrabzon.com\/tr\/wp-json\/wp\/v2\/pages"}],"about":[{"href":"https:\/\/www.novoteltrabzon.com\/tr\/wp-json\/wp\/v2\/types\/page"}],"author":[{"embeddable":true,"href":"https:\/\/www.novoteltrabzon.com\/tr\/wp-json\/wp\/v2\/users\/29"}],"replies":[{"embeddable":true,"href":"https:\/\/www.novoteltrabzon.com\/tr\/wp-json\/wp\/v2\/comments?post=160"}],"version-history":[{"count":0,"href":"https:\/\/www.novoteltrabzon.com\/tr\/wp-json\/wp\/v2\/pages\/160\/revisions"}],"wp:attachment":[{"href":"https:\/\/www.novoteltrabzon.com\/tr\/wp-json\/wp\/v2\/media?parent=160"}],"wp:term":[{"taxonomy":"category","embeddable":true,"href":"https:\/\/www.novoteltrabzon.com\/tr\/wp-json\/wp\/v2\/categories?post=160"}],"curies":[{"name":"wp","href":"https:\/\/api.w.org\/{rel}","templated":true}]}}