{"id":163,"date":"2023-05-22T09:58:32","date_gmt":"2023-05-22T09:58:32","guid":{"rendered":"https:\/\/novotel-trabzon.accorv2prod.decms.eu\/?page_id=163"},"modified":"2025-03-10T09:22:12","modified_gmt":"2025-03-10T09:22:12","slug":"spa","status":"publish","type":"page","link":"https:\/\/www.novoteltrabzon.com\/tr\/spa\/","title":{"rendered":"SPA"},"content":{"rendered":"<p><a href=\"https:\/\/my.matterport.com\/show\/?m=s4Nkf6zyN4Z\" target=\"_blank\" rel=\"noopener\">Novotel Trabzon\u2019un 3D sanal turu yay\u0131nda! Ke\u015ffetmek i\u00e7in linke t\u0131klay\u0131n.<\/a><\/p>\n","protected":false},"excerpt":{"rendered":"<p>Novotel Trabzon\u2019un 3D sanal turu yay\u0131nda! Ke\u015ffetmek i\u00e7in linke t\u0131klay\u0131n.<\/p>\n","protected":false},"author":29,"featured_media":0,"parent":0,"menu_order":50,"comment_status":"closed","ping_status":"closed","template":"template-spa.php","meta":{"footnotes":""},"categories":[],"class_list":["post-163","page","type-page","status-publish","hentry"],"acf":[],"yoast_head":"<!-- This site is optimized with the Yoast SEO plugin v26.9 - https:\/\/yoast.com\/product\/yoast-seo-wordpress\/ -->\n<title>SPA - Novotel Trabzon -<\/title>\n<meta name=\"description\" content=\"Novotel Trabzon SPA size e\u015fsiz deneyimler sunuyor.\" \/>\n<meta name=\"robots\" content=\"index, follow, max-snippet:-1, max-image-preview:large, max-video-preview:-1\" \/>\n<link rel=\"canonical\" href=\"https:\/\/www.novoteltrabzon.com\/tr\/spa\/\" \/>\n<meta property=\"og:locale\" content=\"tr_TR\" \/>\n<meta property=\"og:type\" content=\"article\" \/>\n<meta property=\"og:title\" content=\"SPA - Novotel Trabzon -\" \/>\n<meta property=\"og:description\" content=\"Novotel Trabzon SPA size e\u015fsiz deneyimler sunuyor.\" \/>\n<meta property=\"og:url\" content=\"https:\/\/www.novoteltrabzon.com\/tr\/spa\/\" \/>\n<meta property=\"og:site_name\" content=\"Novotel Trabzon\" \/>\n<meta property=\"article:modified_time\" content=\"2025-03-10T09:22:12+00:00\" \/>\n<meta name=\"twitter:card\" content=\"summary_large_image\" \/>\n<script type=\"application\/ld+json\" class=\"yoast-schema-graph\">{\"@context\":\"https:\/\/schema.org\",\"@graph\":[{\"@type\":\"WebPage\",\"@id\":\"https:\/\/www.novoteltrabzon.com\/tr\/spa\/\",\"url\":\"https:\/\/www.novoteltrabzon.com\/tr\/spa\/\",\"name\":\"SPA - Novotel Trabzon -\",\"isPartOf\":{\"@id\":\"https:\/\/www.novoteltrabzon.com\/tr\/#website\"},\"datePublished\":\"2023-05-22T09:58:32+00:00\",\"dateModified\":\"2025-03-10T09:22:12+00:00\",\"description\":\"Novotel Trabzon SPA size e\u015fsiz deneyimler sunuyor.\",\"breadcrumb\":{\"@id\":\"https:\/\/www.novoteltrabzon.com\/tr\/spa\/#breadcrumb\"},\"inLanguage\":\"tr\",\"potentialAction\":[{\"@type\":\"ReadAction\",\"target\":[\"https:\/\/www.novoteltrabzon.com\/tr\/spa\/\"]}]},{\"@type\":\"BreadcrumbList\",\"@id\":\"https:\/\/www.novoteltrabzon.com\/tr\/spa\/#breadcrumb\",\"itemListElement\":[{\"@type\":\"ListItem\",\"position\":1,\"name\":\"Home\",\"item\":\"https:\/\/www.novoteltrabzon.com\/tr\/\"},{\"@type\":\"ListItem\",\"position\":2,\"name\":\"SPA\"}]},{\"@type\":\"WebSite\",\"@id\":\"https:\/\/www.novoteltrabzon.com\/tr\/#website\",\"url\":\"https:\/\/www.novoteltrabzon.com\/tr\/\",\"name\":\"Novotel Trabzon\",\"description\":\"\",\"potentialAction\":[{\"@type\":\"SearchAction\",\"target\":{\"@type\":\"EntryPoint\",\"urlTemplate\":\"https:\/\/www.novoteltrabzon.com\/tr\/?s={search_term_string}\"},\"query-input\":{\"@type\":\"PropertyValueSpecification\",\"valueRequired\":true,\"valueName\":\"search_term_string\"}}],\"inLanguage\":\"tr\"}]}<\/script>\n<!-- \/ Yoast SEO plugin. -->","yoast_head_json":{"title":"SPA - Novotel Trabzon -","description":"Novotel Trabzon SPA size e\u015fsiz deneyimler sunuyor.","robots":{"index":"index","follow":"follow","max-snippet":"max-snippet:-1","max-image-preview":"max-image-preview:large","max-video-preview":"max-video-preview:-1"},"canonical":"https:\/\/www.novoteltrabzon.com\/tr\/spa\/","og_locale":"tr_TR","og_type":"article","og_title":"SPA - Novotel Trabzon -","og_description":"Novotel Trabzon SPA size e\u015fsiz deneyimler sunuyor.","og_url":"https:\/\/www.novoteltrabzon.com\/tr\/spa\/","og_site_name":"Novotel Trabzon","article_modified_time":"2025-03-10T09:22:12+00:00","twitter_card":"summary_large_image","schema":{"@context":"https:\/\/schema.org","@graph":[{"@type":"WebPage","@id":"https:\/\/www.novoteltrabzon.com\/tr\/spa\/","url":"https:\/\/www.novoteltrabzon.com\/tr\/spa\/","name":"SPA - Novotel Trabzon -","isPartOf":{"@id":"https:\/\/www.novoteltrabzon.com\/tr\/#website"},"datePublished":"2023-05-22T09:58:32+00:00","dateModified":"2025-03-10T09:22:12+00:00","description":"Novotel Trabzon SPA size e\u015fsiz deneyimler sunuyor.","breadcrumb":{"@id":"https:\/\/www.novoteltrabzon.com\/tr\/spa\/#breadcrumb"},"inLanguage":"tr","potentialAction":[{"@type":"ReadAction","target":["https:\/\/www.novoteltrabzon.com\/tr\/spa\/"]}]},{"@type":"BreadcrumbList","@id":"https:\/\/www.novoteltrabzon.com\/tr\/spa\/#breadcrumb","itemListElement":[{"@type":"ListItem","position":1,"name":"Home","item":"https:\/\/www.novoteltrabzon.com\/tr\/"},{"@type":"ListItem","position":2,"name":"SPA"}]},{"@type":"WebSite","@id":"https:\/\/www.novoteltrabzon.com\/tr\/#website","url":"https:\/\/www.novoteltrabzon.com\/tr\/","name":"Novotel Trabzon","description":"","potentialAction":[{"@type":"SearchAction","target":{"@type":"EntryPoint","urlTemplate":"https:\/\/www.novoteltrabzon.com\/tr\/?s={search_term_string}"},"query-input":{"@type":"PropertyValueSpecification","valueRequired":true,"valueName":"search_term_string"}}],"inLanguage":"tr"}]}},"_links":{"self":[{"href":"https:\/\/www.novoteltrabzon.com\/tr\/wp-json\/wp\/v2\/pages\/163","targetHints":{"allow":["GET"]}}],"collection":[{"href":"https:\/\/www.novoteltrabzon.com\/tr\/wp-json\/wp\/v2\/pages"}],"about":[{"href":"https:\/\/www.novoteltrabzon.com\/tr\/wp-json\/wp\/v2\/types\/page"}],"author":[{"embeddable":true,"href":"https:\/\/www.novoteltrabzon.com\/tr\/wp-json\/wp\/v2\/users\/29"}],"replies":[{"embeddable":true,"href":"https:\/\/www.novoteltrabzon.com\/tr\/wp-json\/wp\/v2\/comments?post=163"}],"version-history":[{"count":0,"href":"https:\/\/www.novoteltrabzon.com\/tr\/wp-json\/wp\/v2\/pages\/163\/revisions"}],"wp:attachment":[{"href":"https:\/\/www.novoteltrabzon.com\/tr\/wp-json\/wp\/v2\/media?parent=163"}],"wp:term":[{"taxonomy":"category","embeddable":true,"href":"https:\/\/www.novoteltrabzon.com\/tr\/wp-json\/wp\/v2\/categories?post=163"}],"curies":[{"name":"wp","href":"https:\/\/api.w.org\/{rel}","templated":true}]}}