{"id":165,"date":"2023-05-22T10:13:17","date_gmt":"2023-05-22T10:13:17","guid":{"rendered":"https:\/\/novotel-trabzon.accorv2prod.decms.eu\/meetings\/"},"modified":"2025-03-10T09:27:21","modified_gmt":"2025-03-10T09:27:21","slug":"toplanti","status":"publish","type":"page","link":"https:\/\/www.novoteltrabzon.com\/tr\/toplanti\/","title":{"rendered":"Toplant\u0131"},"content":{"rendered":"<p>Ne t\u00fcr bir toplant\u0131 d\u00fczenliyor olursan\u0131z olun, Novotel a\u011f\u0131ndan yararlanarak ba\u015far\u0131 \u015fans\u0131n\u0131z\u0131 en \u00fcst d\u00fczeye \u00e7\u0131karabilirsiniz. Y\u0131llar\u0131n deneyimi, toplant\u0131 organizasyonunda b\u00fcy\u00fck bir uzmanl\u0131k olu\u015fturmam\u0131z\u0131 sa\u011flad\u0131. \u0130ster k\u00fc\u00e7\u00fck, samimi bir toplant\u0131 ister d\u00fczinelerce insanla b\u00fcy\u00fck bir ili\u015fki isteyin, otellerimiz her t\u00fcrl\u00fc ihtiyac\u0131n\u0131z\u0131 kar\u015f\u0131layabilir ve kar\u015f\u0131layabilir. Neden hayallerinizi ger\u00e7ekle\u015ftirmemize izin vermiyorsunuz?<\/p>\n<p><a href=\"https:\/\/my.matterport.com\/show\/?m=3BgY3fnFoTX\" target=\"_blank\" rel=\"noopener\">Novotel Trabzon\u2019un 3D sanal turu yay\u0131nda! Ke\u015ffetmek i\u00e7in linke t\u0131klay\u0131n.<\/a><\/p>\n","protected":false},"excerpt":{"rendered":"<p>Ne t\u00fcr bir toplant\u0131 d\u00fczenliyor olursan\u0131z olun, Novotel a\u011f\u0131ndan yararlanarak ba\u015far\u0131 \u015fans\u0131n\u0131z\u0131 en \u00fcst d\u00fczeye \u00e7\u0131karabilirsiniz. Y\u0131llar\u0131n deneyimi, toplant\u0131 organizasyonunda b\u00fcy\u00fck bir uzmanl\u0131k olu\u015fturmam\u0131z\u0131 sa\u011flad\u0131. \u0130ster k\u00fc\u00e7\u00fck, samimi bir toplant\u0131 ister d\u00fczinelerce insanla b\u00fcy\u00fck bir ili\u015fki isteyin, otellerimiz her t\u00fcrl\u00fc ihtiyac\u0131n\u0131z\u0131 kar\u015f\u0131layabilir ve kar\u015f\u0131layabilir. Neden hayallerinizi ger\u00e7ekle\u015ftirmemize izin vermiyorsunuz? Novotel Trabzon\u2019un 3D sanal turu yay\u0131nda! [&hellip;]<\/p>\n","protected":false},"author":29,"featured_media":0,"parent":0,"menu_order":60,"comment_status":"closed","ping_status":"closed","template":"template-meeting-room.php","meta":{"footnotes":""},"categories":[],"class_list":["post-165","page","type-page","status-publish","hentry"],"acf":[],"yoast_head":"<!-- This site is optimized with the Yoast SEO plugin v26.9 - https:\/\/yoast.com\/product\/yoast-seo-wordpress\/ -->\n<title>Toplant\u0131 - Novotel Trabzon<\/title>\n<meta name=\"description\" content=\"Toplant\u0131 @ Novotel Trabzon, kullan\u0131\u015fl\u0131 toplant\u0131 salonlar\u0131 ve teknolojik donan\u0131m\u0131 ile toplant\u0131lar\u0131n\u0131z\u0131 daha verimli hale getiriyor.\" \/>\n<meta name=\"robots\" content=\"index, follow, max-snippet:-1, max-image-preview:large, max-video-preview:-1\" \/>\n<link rel=\"canonical\" href=\"https:\/\/www.novoteltrabzon.com\/tr\/toplanti\/\" \/>\n<meta property=\"og:locale\" content=\"tr_TR\" \/>\n<meta property=\"og:type\" content=\"article\" \/>\n<meta property=\"og:title\" content=\"Toplant\u0131 - Novotel Trabzon\" \/>\n<meta property=\"og:description\" content=\"Toplant\u0131 @ Novotel Trabzon, kullan\u0131\u015fl\u0131 toplant\u0131 salonlar\u0131 ve teknolojik donan\u0131m\u0131 ile toplant\u0131lar\u0131n\u0131z\u0131 daha verimli hale getiriyor.\" \/>\n<meta property=\"og:url\" content=\"https:\/\/www.novoteltrabzon.com\/tr\/toplanti\/\" \/>\n<meta property=\"og:site_name\" content=\"Novotel Trabzon\" \/>\n<meta property=\"article:modified_time\" content=\"2025-03-10T09:27:21+00:00\" \/>\n<meta name=\"twitter:card\" content=\"summary_large_image\" \/>\n<meta name=\"twitter:label1\" content=\"Tahmini okuma s\u00fcresi\" \/>\n\t<meta name=\"twitter:data1\" content=\"1 dakika\" \/>\n<script type=\"application\/ld+json\" class=\"yoast-schema-graph\">{\"@context\":\"https:\/\/schema.org\",\"@graph\":[{\"@type\":\"WebPage\",\"@id\":\"https:\/\/www.novoteltrabzon.com\/tr\/toplanti\/\",\"url\":\"https:\/\/www.novoteltrabzon.com\/tr\/toplanti\/\",\"name\":\"Toplant\u0131 - Novotel Trabzon\",\"isPartOf\":{\"@id\":\"https:\/\/www.novoteltrabzon.com\/tr\/#website\"},\"datePublished\":\"2023-05-22T10:13:17+00:00\",\"dateModified\":\"2025-03-10T09:27:21+00:00\",\"description\":\"Toplant\u0131 @ Novotel Trabzon, kullan\u0131\u015fl\u0131 toplant\u0131 salonlar\u0131 ve teknolojik donan\u0131m\u0131 ile toplant\u0131lar\u0131n\u0131z\u0131 daha verimli hale getiriyor.\",\"breadcrumb\":{\"@id\":\"https:\/\/www.novoteltrabzon.com\/tr\/toplanti\/#breadcrumb\"},\"inLanguage\":\"tr\",\"potentialAction\":[{\"@type\":\"ReadAction\",\"target\":[\"https:\/\/www.novoteltrabzon.com\/tr\/toplanti\/\"]}]},{\"@type\":\"BreadcrumbList\",\"@id\":\"https:\/\/www.novoteltrabzon.com\/tr\/toplanti\/#breadcrumb\",\"itemListElement\":[{\"@type\":\"ListItem\",\"position\":1,\"name\":\"Home\",\"item\":\"https:\/\/www.novoteltrabzon.com\/tr\/\"},{\"@type\":\"ListItem\",\"position\":2,\"name\":\"Toplant\u0131\"}]},{\"@type\":\"WebSite\",\"@id\":\"https:\/\/www.novoteltrabzon.com\/tr\/#website\",\"url\":\"https:\/\/www.novoteltrabzon.com\/tr\/\",\"name\":\"Novotel Trabzon\",\"description\":\"\",\"potentialAction\":[{\"@type\":\"SearchAction\",\"target\":{\"@type\":\"EntryPoint\",\"urlTemplate\":\"https:\/\/www.novoteltrabzon.com\/tr\/?s={search_term_string}\"},\"query-input\":{\"@type\":\"PropertyValueSpecification\",\"valueRequired\":true,\"valueName\":\"search_term_string\"}}],\"inLanguage\":\"tr\"}]}<\/script>\n<!-- \/ Yoast SEO plugin. -->","yoast_head_json":{"title":"Toplant\u0131 - Novotel Trabzon","description":"Toplant\u0131 @ Novotel Trabzon, kullan\u0131\u015fl\u0131 toplant\u0131 salonlar\u0131 ve teknolojik donan\u0131m\u0131 ile toplant\u0131lar\u0131n\u0131z\u0131 daha verimli hale getiriyor.","robots":{"index":"index","follow":"follow","max-snippet":"max-snippet:-1","max-image-preview":"max-image-preview:large","max-video-preview":"max-video-preview:-1"},"canonical":"https:\/\/www.novoteltrabzon.com\/tr\/toplanti\/","og_locale":"tr_TR","og_type":"article","og_title":"Toplant\u0131 - Novotel Trabzon","og_description":"Toplant\u0131 @ Novotel Trabzon, kullan\u0131\u015fl\u0131 toplant\u0131 salonlar\u0131 ve teknolojik donan\u0131m\u0131 ile toplant\u0131lar\u0131n\u0131z\u0131 daha verimli hale getiriyor.","og_url":"https:\/\/www.novoteltrabzon.com\/tr\/toplanti\/","og_site_name":"Novotel Trabzon","article_modified_time":"2025-03-10T09:27:21+00:00","twitter_card":"summary_large_image","twitter_misc":{"Tahmini okuma s\u00fcresi":"1 dakika"},"schema":{"@context":"https:\/\/schema.org","@graph":[{"@type":"WebPage","@id":"https:\/\/www.novoteltrabzon.com\/tr\/toplanti\/","url":"https:\/\/www.novoteltrabzon.com\/tr\/toplanti\/","name":"Toplant\u0131 - Novotel Trabzon","isPartOf":{"@id":"https:\/\/www.novoteltrabzon.com\/tr\/#website"},"datePublished":"2023-05-22T10:13:17+00:00","dateModified":"2025-03-10T09:27:21+00:00","description":"Toplant\u0131 @ Novotel Trabzon, kullan\u0131\u015fl\u0131 toplant\u0131 salonlar\u0131 ve teknolojik donan\u0131m\u0131 ile toplant\u0131lar\u0131n\u0131z\u0131 daha verimli hale getiriyor.","breadcrumb":{"@id":"https:\/\/www.novoteltrabzon.com\/tr\/toplanti\/#breadcrumb"},"inLanguage":"tr","potentialAction":[{"@type":"ReadAction","target":["https:\/\/www.novoteltrabzon.com\/tr\/toplanti\/"]}]},{"@type":"BreadcrumbList","@id":"https:\/\/www.novoteltrabzon.com\/tr\/toplanti\/#breadcrumb","itemListElement":[{"@type":"ListItem","position":1,"name":"Home","item":"https:\/\/www.novoteltrabzon.com\/tr\/"},{"@type":"ListItem","position":2,"name":"Toplant\u0131"}]},{"@type":"WebSite","@id":"https:\/\/www.novoteltrabzon.com\/tr\/#website","url":"https:\/\/www.novoteltrabzon.com\/tr\/","name":"Novotel Trabzon","description":"","potentialAction":[{"@type":"SearchAction","target":{"@type":"EntryPoint","urlTemplate":"https:\/\/www.novoteltrabzon.com\/tr\/?s={search_term_string}"},"query-input":{"@type":"PropertyValueSpecification","valueRequired":true,"valueName":"search_term_string"}}],"inLanguage":"tr"}]}},"_links":{"self":[{"href":"https:\/\/www.novoteltrabzon.com\/tr\/wp-json\/wp\/v2\/pages\/165","targetHints":{"allow":["GET"]}}],"collection":[{"href":"https:\/\/www.novoteltrabzon.com\/tr\/wp-json\/wp\/v2\/pages"}],"about":[{"href":"https:\/\/www.novoteltrabzon.com\/tr\/wp-json\/wp\/v2\/types\/page"}],"author":[{"embeddable":true,"href":"https:\/\/www.novoteltrabzon.com\/tr\/wp-json\/wp\/v2\/users\/29"}],"replies":[{"embeddable":true,"href":"https:\/\/www.novoteltrabzon.com\/tr\/wp-json\/wp\/v2\/comments?post=165"}],"version-history":[{"count":0,"href":"https:\/\/www.novoteltrabzon.com\/tr\/wp-json\/wp\/v2\/pages\/165\/revisions"}],"wp:attachment":[{"href":"https:\/\/www.novoteltrabzon.com\/tr\/wp-json\/wp\/v2\/media?parent=165"}],"wp:term":[{"taxonomy":"category","embeddable":true,"href":"https:\/\/www.novoteltrabzon.com\/tr\/wp-json\/wp\/v2\/categories?post=165"}],"curies":[{"name":"wp","href":"https:\/\/api.w.org\/{rel}","templated":true}]}}