{"id":171,"date":"2023-05-22T13:44:55","date_gmt":"2023-05-22T13:44:55","guid":{"rendered":"https:\/\/novotel-trabzon.accorv2prod.decms.eu\/cookie-policy-preferences\/"},"modified":"2023-05-23T09:45:26","modified_gmt":"2023-05-23T09:45:26","slug":"cerez-politikasi","status":"publish","type":"page","link":"https:\/\/www.novoteltrabzon.com\/tr\/cerez-politikasi\/","title":{"rendered":"\u00c7erez Politikas\u0131"},"content":{"rendered":"","protected":false},"excerpt":{"rendered":"","protected":false},"author":29,"featured_media":0,"parent":0,"menu_order":110,"comment_status":"closed","ping_status":"closed","template":"template-cookie-policy.php","meta":{"footnotes":""},"categories":[],"class_list":["post-171","page","type-page","status-publish","hentry"],"acf":[],"yoast_head":"<!-- This site is optimized with the Yoast SEO plugin v26.9 - https:\/\/yoast.com\/product\/yoast-seo-wordpress\/ -->\n<title>\u00c7erez Politikas\u0131 - Novotel Trabzon<\/title>\n<meta name=\"description\" content=\"Novotel Trabzon \u00c7erez Politikas\u0131na buradan ula\u015fabilirsiniz.\" \/>\n<meta name=\"robots\" content=\"index, follow, max-snippet:-1, max-image-preview:large, max-video-preview:-1\" \/>\n<link rel=\"canonical\" href=\"https:\/\/www.novoteltrabzon.com\/tr\/cerez-politikasi\/\" \/>\n<meta property=\"og:locale\" content=\"tr_TR\" \/>\n<meta property=\"og:type\" content=\"article\" \/>\n<meta property=\"og:title\" content=\"\u00c7erez Politikas\u0131 - Novotel Trabzon\" \/>\n<meta property=\"og:description\" content=\"Novotel Trabzon \u00c7erez Politikas\u0131na buradan ula\u015fabilirsiniz.\" \/>\n<meta property=\"og:url\" content=\"https:\/\/www.novoteltrabzon.com\/tr\/cerez-politikasi\/\" \/>\n<meta property=\"og:site_name\" content=\"Novotel Trabzon\" \/>\n<meta property=\"article:modified_time\" content=\"2023-05-23T09:45:26+00:00\" \/>\n<meta name=\"twitter:card\" content=\"summary_large_image\" \/>\n<script type=\"application\/ld+json\" class=\"yoast-schema-graph\">{\"@context\":\"https:\/\/schema.org\",\"@graph\":[{\"@type\":\"WebPage\",\"@id\":\"https:\/\/www.novoteltrabzon.com\/tr\/cerez-politikasi\/\",\"url\":\"https:\/\/www.novoteltrabzon.com\/tr\/cerez-politikasi\/\",\"name\":\"\u00c7erez Politikas\u0131 - Novotel Trabzon\",\"isPartOf\":{\"@id\":\"https:\/\/www.novoteltrabzon.com\/tr\/#website\"},\"datePublished\":\"2023-05-22T13:44:55+00:00\",\"dateModified\":\"2023-05-23T09:45:26+00:00\",\"description\":\"Novotel Trabzon \u00c7erez Politikas\u0131na buradan ula\u015fabilirsiniz.\",\"breadcrumb\":{\"@id\":\"https:\/\/www.novoteltrabzon.com\/tr\/cerez-politikasi\/#breadcrumb\"},\"inLanguage\":\"tr\",\"potentialAction\":[{\"@type\":\"ReadAction\",\"target\":[\"https:\/\/www.novoteltrabzon.com\/tr\/cerez-politikasi\/\"]}]},{\"@type\":\"BreadcrumbList\",\"@id\":\"https:\/\/www.novoteltrabzon.com\/tr\/cerez-politikasi\/#breadcrumb\",\"itemListElement\":[{\"@type\":\"ListItem\",\"position\":1,\"name\":\"Home\",\"item\":\"https:\/\/www.novoteltrabzon.com\/tr\/\"},{\"@type\":\"ListItem\",\"position\":2,\"name\":\"\u00c7erez Politikas\u0131\"}]},{\"@type\":\"WebSite\",\"@id\":\"https:\/\/www.novoteltrabzon.com\/tr\/#website\",\"url\":\"https:\/\/www.novoteltrabzon.com\/tr\/\",\"name\":\"Novotel Trabzon\",\"description\":\"\",\"potentialAction\":[{\"@type\":\"SearchAction\",\"target\":{\"@type\":\"EntryPoint\",\"urlTemplate\":\"https:\/\/www.novoteltrabzon.com\/tr\/?s={search_term_string}\"},\"query-input\":{\"@type\":\"PropertyValueSpecification\",\"valueRequired\":true,\"valueName\":\"search_term_string\"}}],\"inLanguage\":\"tr\"}]}<\/script>\n<!-- \/ Yoast SEO plugin. -->","yoast_head_json":{"title":"\u00c7erez Politikas\u0131 - Novotel Trabzon","description":"Novotel Trabzon \u00c7erez Politikas\u0131na buradan ula\u015fabilirsiniz.","robots":{"index":"index","follow":"follow","max-snippet":"max-snippet:-1","max-image-preview":"max-image-preview:large","max-video-preview":"max-video-preview:-1"},"canonical":"https:\/\/www.novoteltrabzon.com\/tr\/cerez-politikasi\/","og_locale":"tr_TR","og_type":"article","og_title":"\u00c7erez Politikas\u0131 - Novotel Trabzon","og_description":"Novotel Trabzon \u00c7erez Politikas\u0131na buradan ula\u015fabilirsiniz.","og_url":"https:\/\/www.novoteltrabzon.com\/tr\/cerez-politikasi\/","og_site_name":"Novotel Trabzon","article_modified_time":"2023-05-23T09:45:26+00:00","twitter_card":"summary_large_image","schema":{"@context":"https:\/\/schema.org","@graph":[{"@type":"WebPage","@id":"https:\/\/www.novoteltrabzon.com\/tr\/cerez-politikasi\/","url":"https:\/\/www.novoteltrabzon.com\/tr\/cerez-politikasi\/","name":"\u00c7erez Politikas\u0131 - Novotel Trabzon","isPartOf":{"@id":"https:\/\/www.novoteltrabzon.com\/tr\/#website"},"datePublished":"2023-05-22T13:44:55+00:00","dateModified":"2023-05-23T09:45:26+00:00","description":"Novotel Trabzon \u00c7erez Politikas\u0131na buradan ula\u015fabilirsiniz.","breadcrumb":{"@id":"https:\/\/www.novoteltrabzon.com\/tr\/cerez-politikasi\/#breadcrumb"},"inLanguage":"tr","potentialAction":[{"@type":"ReadAction","target":["https:\/\/www.novoteltrabzon.com\/tr\/cerez-politikasi\/"]}]},{"@type":"BreadcrumbList","@id":"https:\/\/www.novoteltrabzon.com\/tr\/cerez-politikasi\/#breadcrumb","itemListElement":[{"@type":"ListItem","position":1,"name":"Home","item":"https:\/\/www.novoteltrabzon.com\/tr\/"},{"@type":"ListItem","position":2,"name":"\u00c7erez Politikas\u0131"}]},{"@type":"WebSite","@id":"https:\/\/www.novoteltrabzon.com\/tr\/#website","url":"https:\/\/www.novoteltrabzon.com\/tr\/","name":"Novotel Trabzon","description":"","potentialAction":[{"@type":"SearchAction","target":{"@type":"EntryPoint","urlTemplate":"https:\/\/www.novoteltrabzon.com\/tr\/?s={search_term_string}"},"query-input":{"@type":"PropertyValueSpecification","valueRequired":true,"valueName":"search_term_string"}}],"inLanguage":"tr"}]}},"_links":{"self":[{"href":"https:\/\/www.novoteltrabzon.com\/tr\/wp-json\/wp\/v2\/pages\/171","targetHints":{"allow":["GET"]}}],"collection":[{"href":"https:\/\/www.novoteltrabzon.com\/tr\/wp-json\/wp\/v2\/pages"}],"about":[{"href":"https:\/\/www.novoteltrabzon.com\/tr\/wp-json\/wp\/v2\/types\/page"}],"author":[{"embeddable":true,"href":"https:\/\/www.novoteltrabzon.com\/tr\/wp-json\/wp\/v2\/users\/29"}],"replies":[{"embeddable":true,"href":"https:\/\/www.novoteltrabzon.com\/tr\/wp-json\/wp\/v2\/comments?post=171"}],"version-history":[{"count":0,"href":"https:\/\/www.novoteltrabzon.com\/tr\/wp-json\/wp\/v2\/pages\/171\/revisions"}],"wp:attachment":[{"href":"https:\/\/www.novoteltrabzon.com\/tr\/wp-json\/wp\/v2\/media?parent=171"}],"wp:term":[{"taxonomy":"category","embeddable":true,"href":"https:\/\/www.novoteltrabzon.com\/tr\/wp-json\/wp\/v2\/categories?post=171"}],"curies":[{"name":"wp","href":"https:\/\/api.w.org\/{rel}","templated":true}]}}