{"id":4,"date":"2023-05-17T13:10:47","date_gmt":"2023-05-17T13:10:47","guid":{"rendered":"https:\/\/novotel-trabzon.accorv2prod.decms.eu\/?page_id=4"},"modified":"2024-07-02T10:35:31","modified_gmt":"2024-07-02T10:35:31","slug":"novotel-trabzon","status":"publish","type":"page","link":"https:\/\/www.novoteltrabzon.com\/tr\/","title":{"rendered":"Novotel Trabzon"},"content":{"rendered":"<p>Novotel Trabzon, Trabzon tatilcileri i\u00e7in muhte\u015fem bir tatil beldesidir. Lobisinde, restoran\u0131nda ve salonlar\u0131nda modaya uygun bir atmosfer, ferah odalar, \u015f\u0131k mobilyalar ve dinlendirici Karadeniz manzaras\u0131 oteli karakterize etmektedir. Y\u00fcksek h\u0131zl\u0131 Wi-Fi, LED TV ve minibar konforu bir \u00fcst seviyeye ta\u015f\u0131maktad\u0131r. \u00dccretsiz otopark\u0131, kapal\u0131 havuzu, tenis kortu ve yemye\u015fil bah\u00e7esiyle ruhunuzu dinlendiren Trabzon Novotel, \u00e7ok ama\u00e7l\u0131 toplant\u0131 salonlar\u0131, kaliteli konferans, ziyafet, a\u00e7\u0131k b\u00fcfe kahvalt\u0131 ve yemek hizmetleri ile de biliniyor.<\/p>\n<p>Do\u011fu Karadeniz&#8217;in en b\u00fcy\u00fck \u015fehri olan Trabzon, turistleri, do\u011fa gezginlerini, \u00e7iftleri ve i\u015f insanlar\u0131n\u0131 a\u011f\u0131rlamaktad\u0131r. S\u00fcmela, Atat\u00fcrk K\u00f6\u015fk\u00fc, Trabzon Ayasofya M\u00fczesi, Uzung\u00f6l ve Ma\u00e7ka yaylalar\u0131 \u00e7evrede gezilip g\u00f6r\u00fclecek yerler haline geliyor. Yomra civar\u0131nda yer alan Trabzon Novotel, Trabzon \u015fehir merkezinin yan\u0131 s\u0131ra Uzung\u00f6l ve Alt\u0131ndere&#8217;ye k\u0131sa bir s\u00fcr\u00fc\u015f mesafesindedir. Tarih merakl\u0131lar\u0131 i\u00e7in surlar, Bedesten, \u0130skender Pa\u015fa Camii ve m\u00fczeler \u015fehrin tam merkezinde.<\/p>\n<p>Trabzon Otelleri aras\u0131nda Novotel, tesisleri, huzuru ve havaliman\u0131na kolay ula\u015f\u0131m\u0131 ile \u00f6n plana \u00e7\u0131k\u0131yor. Trabzon Uluslararas\u0131 Havaalan\u0131 otele arabayla sadece 6 dakika uzakl\u0131ktad\u0131r. Konaklamak isteyenler i\u00e7in otob\u00fcs ve taksi alternatifleri de mevcut.<\/p>\n<p>&nbsp;<\/p>\n<p>Novotel Trabzon olarak uzun y\u0131llard\u0131r s\u00fcrd\u00fcr\u00fclebilir kalk\u0131nmay\u0131 hedefleyen Accor grubunun bir par\u00e7as\u0131 olmaktan gurur duyuyor ve \u00e7evresel, sosyal, k\u00fclt\u00fcrel, ekonomik, kalite, insan haklar\u0131, sa\u011fl\u0131k ve g\u00fcvenlik konular\u0131nda aksiyonlar al\u0131yoruz. M\u00fclk\u00fcm\u00fcz\u00fcn her yerinde g\u00fcvenlikle ilgili konularda de\u011fi\u015fiklik yap\u0131lmas\u0131 gerekmektedir. <a href=\"https:\/\/www.novoteltrabzon.com\/wp-content\/uploads\/sites\/43\/2024\/05\/Novotel-Trabzon-Surdurulebilirlik-Raporu_-Mayis-1_compressed.pdf\" target=\"_blank\" rel=\"noopener\">S\u00fcrd\u00fcr\u00fclebilirlik raporumuzu<\/a> inceleyebilirsiniz.<\/p>\n","protected":false},"excerpt":{"rendered":"<p>Novotel Trabzon, Trabzon tatilcileri i\u00e7in muhte\u015fem bir tatil beldesidir. Lobisinde, restoran\u0131nda ve salonlar\u0131nda modaya uygun bir atmosfer, ferah odalar, \u015f\u0131k mobilyalar ve dinlendirici Karadeniz manzaras\u0131 oteli karakterize etmektedir. Y\u00fcksek h\u0131zl\u0131 Wi-Fi, LED TV ve minibar konforu bir \u00fcst seviyeye ta\u015f\u0131maktad\u0131r. \u00dccretsiz otopark\u0131, kapal\u0131 havuzu, tenis kortu ve yemye\u015fil bah\u00e7esiyle ruhunuzu dinlendiren Trabzon Novotel, \u00e7ok ama\u00e7l\u0131 [&hellip;]<\/p>\n","protected":false},"author":29,"featured_media":0,"parent":0,"menu_order":0,"comment_status":"closed","ping_status":"closed","template":"","meta":{"footnotes":""},"categories":[],"class_list":["post-4","page","type-page","status-publish","hentry"],"acf":[],"yoast_head":"<!-- This site is optimized with the Yoast SEO plugin v26.9 - https:\/\/yoast.com\/product\/yoast-seo-wordpress\/ -->\n<title>Trabzon&#039; da 5 Y\u0131ld\u0131zl\u0131 Otel Deneyimi - Novotel Trabzon<\/title>\n<meta name=\"description\" content=\"Trabzon&#039;da merkezi bir konumda tatil k\u00f6y\u00fc deneyimi ya\u015fama f\u0131rsat\u0131 Novotel Trabzon, konforlu odalar\u0131 ve muhte\u015fem tesisi ile size bu deneyimi sunuyor.\" \/>\n<meta name=\"robots\" content=\"index, follow, max-snippet:-1, max-image-preview:large, max-video-preview:-1\" \/>\n<link rel=\"canonical\" href=\"https:\/\/www.novoteltrabzon.com\/tr\/\" \/>\n<meta property=\"og:locale\" content=\"tr_TR\" \/>\n<meta property=\"og:type\" content=\"article\" \/>\n<meta property=\"og:title\" content=\"Trabzon&#039; da 5 Y\u0131ld\u0131zl\u0131 Otel Deneyimi - Novotel Trabzon\" \/>\n<meta property=\"og:description\" content=\"Trabzon&#039;da merkezi bir konumda tatil k\u00f6y\u00fc deneyimi ya\u015fama f\u0131rsat\u0131 Novotel Trabzon, konforlu odalar\u0131 ve muhte\u015fem tesisi ile size bu deneyimi sunuyor.\" \/>\n<meta property=\"og:url\" content=\"https:\/\/www.novoteltrabzon.com\/tr\/\" \/>\n<meta property=\"og:site_name\" content=\"Novotel Trabzon\" \/>\n<meta property=\"article:modified_time\" content=\"2024-07-02T10:35:31+00:00\" \/>\n<meta name=\"twitter:card\" content=\"summary_large_image\" \/>\n<meta name=\"twitter:label1\" content=\"Tahmini okuma s\u00fcresi\" \/>\n\t<meta name=\"twitter:data1\" content=\"1 dakika\" \/>\n<script type=\"application\/ld+json\" class=\"yoast-schema-graph\">{\"@context\":\"https:\/\/schema.org\",\"@graph\":[{\"@type\":\"WebPage\",\"@id\":\"https:\/\/www.novoteltrabzon.com\/tr\/\",\"url\":\"https:\/\/www.novoteltrabzon.com\/tr\/\",\"name\":\"Trabzon' da 5 Y\u0131ld\u0131zl\u0131 Otel Deneyimi - Novotel Trabzon\",\"isPartOf\":{\"@id\":\"https:\/\/www.novoteltrabzon.com\/tr\/#website\"},\"datePublished\":\"2023-05-17T13:10:47+00:00\",\"dateModified\":\"2024-07-02T10:35:31+00:00\",\"description\":\"Trabzon'da merkezi bir konumda tatil k\u00f6y\u00fc deneyimi ya\u015fama f\u0131rsat\u0131 Novotel Trabzon, konforlu odalar\u0131 ve muhte\u015fem tesisi ile size bu deneyimi sunuyor.\",\"breadcrumb\":{\"@id\":\"https:\/\/www.novoteltrabzon.com\/tr\/#breadcrumb\"},\"inLanguage\":\"tr\",\"potentialAction\":[{\"@type\":\"ReadAction\",\"target\":[\"https:\/\/www.novoteltrabzon.com\/tr\/\"]}]},{\"@type\":\"BreadcrumbList\",\"@id\":\"https:\/\/www.novoteltrabzon.com\/tr\/#breadcrumb\",\"itemListElement\":[{\"@type\":\"ListItem\",\"position\":1,\"name\":\"Home\",\"item\":\"https:\/\/www.novoteltrabzon.com\/tr\/\"},{\"@type\":\"ListItem\",\"position\":2,\"name\":\"Novotel Trabzon\"}]},{\"@type\":\"WebSite\",\"@id\":\"https:\/\/www.novoteltrabzon.com\/tr\/#website\",\"url\":\"https:\/\/www.novoteltrabzon.com\/tr\/\",\"name\":\"Novotel Trabzon\",\"description\":\"\",\"potentialAction\":[{\"@type\":\"SearchAction\",\"target\":{\"@type\":\"EntryPoint\",\"urlTemplate\":\"https:\/\/www.novoteltrabzon.com\/tr\/?s={search_term_string}\"},\"query-input\":{\"@type\":\"PropertyValueSpecification\",\"valueRequired\":true,\"valueName\":\"search_term_string\"}}],\"inLanguage\":\"tr\"}]}<\/script>\n<!-- \/ Yoast SEO plugin. -->","yoast_head_json":{"title":"Trabzon' da 5 Y\u0131ld\u0131zl\u0131 Otel Deneyimi - Novotel Trabzon","description":"Trabzon'da merkezi bir konumda tatil k\u00f6y\u00fc deneyimi ya\u015fama f\u0131rsat\u0131 Novotel Trabzon, konforlu odalar\u0131 ve muhte\u015fem tesisi ile size bu deneyimi sunuyor.","robots":{"index":"index","follow":"follow","max-snippet":"max-snippet:-1","max-image-preview":"max-image-preview:large","max-video-preview":"max-video-preview:-1"},"canonical":"https:\/\/www.novoteltrabzon.com\/tr\/","og_locale":"tr_TR","og_type":"article","og_title":"Trabzon' da 5 Y\u0131ld\u0131zl\u0131 Otel Deneyimi - Novotel Trabzon","og_description":"Trabzon'da merkezi bir konumda tatil k\u00f6y\u00fc deneyimi ya\u015fama f\u0131rsat\u0131 Novotel Trabzon, konforlu odalar\u0131 ve muhte\u015fem tesisi ile size bu deneyimi sunuyor.","og_url":"https:\/\/www.novoteltrabzon.com\/tr\/","og_site_name":"Novotel Trabzon","article_modified_time":"2024-07-02T10:35:31+00:00","twitter_card":"summary_large_image","twitter_misc":{"Tahmini okuma s\u00fcresi":"1 dakika"},"schema":{"@context":"https:\/\/schema.org","@graph":[{"@type":"WebPage","@id":"https:\/\/www.novoteltrabzon.com\/tr\/","url":"https:\/\/www.novoteltrabzon.com\/tr\/","name":"Trabzon' da 5 Y\u0131ld\u0131zl\u0131 Otel Deneyimi - Novotel Trabzon","isPartOf":{"@id":"https:\/\/www.novoteltrabzon.com\/tr\/#website"},"datePublished":"2023-05-17T13:10:47+00:00","dateModified":"2024-07-02T10:35:31+00:00","description":"Trabzon'da merkezi bir konumda tatil k\u00f6y\u00fc deneyimi ya\u015fama f\u0131rsat\u0131 Novotel Trabzon, konforlu odalar\u0131 ve muhte\u015fem tesisi ile size bu deneyimi sunuyor.","breadcrumb":{"@id":"https:\/\/www.novoteltrabzon.com\/tr\/#breadcrumb"},"inLanguage":"tr","potentialAction":[{"@type":"ReadAction","target":["https:\/\/www.novoteltrabzon.com\/tr\/"]}]},{"@type":"BreadcrumbList","@id":"https:\/\/www.novoteltrabzon.com\/tr\/#breadcrumb","itemListElement":[{"@type":"ListItem","position":1,"name":"Home","item":"https:\/\/www.novoteltrabzon.com\/tr\/"},{"@type":"ListItem","position":2,"name":"Novotel Trabzon"}]},{"@type":"WebSite","@id":"https:\/\/www.novoteltrabzon.com\/tr\/#website","url":"https:\/\/www.novoteltrabzon.com\/tr\/","name":"Novotel Trabzon","description":"","potentialAction":[{"@type":"SearchAction","target":{"@type":"EntryPoint","urlTemplate":"https:\/\/www.novoteltrabzon.com\/tr\/?s={search_term_string}"},"query-input":{"@type":"PropertyValueSpecification","valueRequired":true,"valueName":"search_term_string"}}],"inLanguage":"tr"}]}},"_links":{"self":[{"href":"https:\/\/www.novoteltrabzon.com\/tr\/wp-json\/wp\/v2\/pages\/4","targetHints":{"allow":["GET"]}}],"collection":[{"href":"https:\/\/www.novoteltrabzon.com\/tr\/wp-json\/wp\/v2\/pages"}],"about":[{"href":"https:\/\/www.novoteltrabzon.com\/tr\/wp-json\/wp\/v2\/types\/page"}],"author":[{"embeddable":true,"href":"https:\/\/www.novoteltrabzon.com\/tr\/wp-json\/wp\/v2\/users\/29"}],"replies":[{"embeddable":true,"href":"https:\/\/www.novoteltrabzon.com\/tr\/wp-json\/wp\/v2\/comments?post=4"}],"version-history":[{"count":0,"href":"https:\/\/www.novoteltrabzon.com\/tr\/wp-json\/wp\/v2\/pages\/4\/revisions"}],"wp:attachment":[{"href":"https:\/\/www.novoteltrabzon.com\/tr\/wp-json\/wp\/v2\/media?parent=4"}],"wp:term":[{"taxonomy":"category","embeddable":true,"href":"https:\/\/www.novoteltrabzon.com\/tr\/wp-json\/wp\/v2\/categories?post=4"}],"curies":[{"name":"wp","href":"https:\/\/api.w.org\/{rel}","templated":true}]}}